{"id":510,"date":"2020-01-07T14:36:54","date_gmt":"2020-01-07T12:36:54","guid":{"rendered":"http:\/\/modinst.lu.lv\/par-mums\/"},"modified":"2024-08-27T16:08:01","modified_gmt":"2024-08-27T13:08:01","slug":"about-us","status":"publish","type":"page","link":"https:\/\/modinst.lu.lv\/en\/about-us\/","title":{"rendered":"About Us"},"content":{"rendered":"\n<style type=\"text\/css\" data-created_by=\"avia_inline_auto\" id=\"style-css-av-av_heading-f4e57a58a42559e58015e085eeb6e392\">\n#top .av-special-heading.av-av_heading-f4e57a58a42559e58015e085eeb6e392{\npadding-bottom:10px;\n}\nbody .av-special-heading.av-av_heading-f4e57a58a42559e58015e085eeb6e392 .av-special-heading-tag .heading-char{\nfont-size:25px;\n}\n.av-special-heading.av-av_heading-f4e57a58a42559e58015e085eeb6e392 .av-subheading{\nfont-size:15px;\n}\n<\/style>\n<div  class='av-special-heading av-av_heading-f4e57a58a42559e58015e085eeb6e392 av-special-heading-h1  avia-builder-el-0  el_before_av_testimonials  avia-builder-el-first '><h1 class='av-special-heading-tag '  itemprop=\"headline\"  >About the Institute<\/h1><div class=\"special-heading-border\"><div class=\"special-heading-inner-border\"><\/div><\/div><\/div>\n<div  class='avia-testimonial-wrapper av-k5o2th4z-57a7805a52d1f2de54e5af889f46112e avia-grid-testimonials avia-grid-2-testimonials avia_animate_when_almost_visible' >\n<section class=\"avia-testimonial-row\"><div class='avia-testimonial av-av_testimonial_single-bc6dcc7de8d3667f6062029574658501 avia-testimonial-row-1 avia-first-testimonial flex_column no_margin av_one_half'><div class='avia-testimonial_inner'  itemscope=\"itemscope\" itemtype=\"https:\/\/schema.org\/CreativeWork\" ><div class='avia-testimonial-image'  itemprop=\"image\" ><img loading=\"lazy\" decoding=\"async\" width=\"180\" height=\"180\" src=\"https:\/\/modinst.lu.lv\/wp-content\/uploads\/2020\/01\/personals_bethers_uldis-180x180.jpg\" class=\"attachment-square size-square\" alt=\"\" srcset=\"https:\/\/modinst.lu.lv\/wp-content\/uploads\/2020\/01\/personals_bethers_uldis-180x180.jpg 180w, https:\/\/modinst.lu.lv\/wp-content\/uploads\/2020\/01\/personals_bethers_uldis-300x300.jpg 300w, https:\/\/modinst.lu.lv\/wp-content\/uploads\/2020\/01\/personals_bethers_uldis-80x80.jpg 80w, https:\/\/modinst.lu.lv\/wp-content\/uploads\/2020\/01\/personals_bethers_uldis-36x36.jpg 36w, https:\/\/modinst.lu.lv\/wp-content\/uploads\/2020\/01\/personals_bethers_uldis-705x705.jpg 705w, https:\/\/modinst.lu.lv\/wp-content\/uploads\/2020\/01\/personals_bethers_uldis.jpg 735w\" sizes=\"auto, (max-width: 180px) 100vw, 180px\" \/><\/div><div class='avia-testimonial-content '><div class='avia-testimonial-markup-entry-content'  itemprop=\"text\" ><p><span style=\"font-weight: 400;\">To describe processes mathematically and to solve them. To create a virtual, numerical reality and to seek beauty and joy of creation. Getting familiar with the problems, objects, and phenomena of the industry. Learning topics foreign to the academic environment and to engage with industry professionals to help them understand what is relevant in their own fields. To find unexpected solutions, to surprise with unusual and paradoxical interpretations and similarities. To help find a different viewpoint and to see something new with an unbiased but enthusiastic eye.<\/span><\/p>\n<p><span style=\"font-weight: 400;\">These are the joys mathematicians and physicists have long felt when projecting reality into equations. Computers and physics-based education allow us to enjoy that at the <strong>Institute of Numerical Modelling<\/strong> &#8211; we are proud to take part in the explosive evolution of numerical modelling from its inception to the present.<\/span><\/p>\n<\/div><\/div><div class=\"avia-testimonial-meta\"><div class=\"avia-testimonial-arrow-wrap\"><div class=\"avia-arrow\"><\/div><\/div><div class='avia-testimonial-meta-mini'  itemprop=\"author\" itemscope=\"itemscope\" itemtype=\"https:\/\/schema.org\/Person\" ><strong  class='avia-testimonial-name'  itemprop=\"name\" >Dr. Phys. Uldis Bethers<\/strong><span  class='avia-testimonial-subtitle '  itemprop=\"jobTitle\" >Director of INM<\/span><\/div><\/div><\/div><\/div>\n<\/section><\/div>\n<section  class='av_textblock_section av-k5o30ags-4de4df4acf40e0f6c98349f77f5877bc '   itemscope=\"itemscope\" itemtype=\"https:\/\/schema.org\/CreativeWork\" ><div class='avia_textblock'  itemprop=\"text\" ><p><span style=\"font-weight: 400;\">The Institute was established in December 2019 by extending basis of <\/span><i><span style=\"font-weight: 400;\">the Laboratory of Mathematical Modelling of Environmental and Technological Processes of the University of Latvia<\/span><\/i><span style=\"font-weight: 400;\">. The Institute represents and combines several research groups of <\/span><i><span style=\"font-weight: 400;\">the Department of <\/span><\/i><i><span style=\"font-weight: 400;\">Electrodynamics and Continuum Mechanics<\/span><\/i><i><span style=\"font-weight: 400;\"> of the University of Latvia<\/span><\/i><span style=\"font-weight: 400;\">. The Institute is part of the <\/span><i><span style=\"font-weight: 400;\">University of Latvia, Faculty of Science and Technology<\/span><\/i><span style=\"font-weight: 400;\">.<\/span><\/p>\n<p><span style=\"font-weight: 400;\">The aim of the Institute is to promote physics-oriented applied research of environmental processes for the needs of Latvian and European industry, as well as to train highly qualified specialists in the mentioned fields.<\/span><\/p>\n<p><span style=\"font-weight: 400;\">The Institute is funded by research projects and programs of the European Union and Latvian Council of Science, international cooperation projects and other industrial clients, as well as state government funds.<\/span><\/p>\n<\/div><\/section>\n\n[av_heading heading='Contacts' tag='h1' link='manually,http:\/\/' link_target='' style='' size='' subheading_active='' subheading_size='15' margin='' padding='10' icon_padding='10' color='' custom_font='' icon_color='' show_icon='' icon='' font='' icon_size='' custom_class='' id='' admin_preview_bg='' av-desktop-hide='' av-medium-hide='' av-small-hide='' av-mini-hide='' av-medium-font-size-title='' av-small-font-size-title='' av-mini-font-size-title='' av-medium-font-size='' av-small-font-size='' av-mini-font-size='' av-medium-font-size-1='' av-small-font-size-1='' av-mini-font-size-1=''][\/av_heading]\n\n[av_two_fifth first min_height='' vertical_alignment='' space='' custom_margin='' margin='0px' row_boxshadow='' row_boxshadow_color='' row_boxshadow_width='10' link='' linktarget='' link_hover='' title_attr='' alt_attr='' padding='0px' highlight='' highlight_size='' border='' border_color='' radius='0px' column_boxshadow='' column_boxshadow_color='' column_boxshadow_width='10' background='bg_color' background_color='' background_gradient_color1='' background_gradient_color2='' background_gradient_direction='vertical' src='' background_position='top left' background_repeat='no-repeat' animation='' mobile_breaking='' mobile_display='' av_uid='av-21wa2']\n\n[av_textblock fold_type='' fold_height='' fold_more='Las\u012bt vair\u0101k' fold_less='Read less' fold_text_style='' fold_btn_align='' textblock_styling_align='' textblock_styling='' textblock_styling_gap='' textblock_styling_mobile='' size='' av-desktop-font-size='' av-medium-font-size='' av-small-font-size='' av-mini-font-size='' font_color='' color='' fold_overlay_color='' fold_text_color='' fold_btn_color='theme-color' fold_btn_bg_color='' fold_btn_font_color='' size-btn-text='' av-desktop-font-size-btn-text='' av-medium-font-size-btn-text='' av-small-font-size-btn-text='' av-mini-font-size-btn-text='' fold_timer='' z_index_fold='' id='' custom_class='' template_class='' av_uid='av-k4zpcuxl' sc_version='1.0' admin_preview_bg='']\n<h3>Full Title<\/h3>\nInstitute of Numerical Modelling\nFaculty of Science and Technology\nUniversity of Latvia\n<h3>Contact Us<\/h3>\n<a href=\"mailto:modinst@lu.lv\"><img loading=\"lazy\" decoding=\"async\" class=\"wp-image-1690 alignleft\" src=\"https:\/\/modinst.lu.lv\/wp-content\/uploads\/2021\/01\/8817370761579252550-128.png\" alt=\"\" width=\"16\" height=\"16\" srcset=\"https:\/\/modinst.lu.lv\/wp-content\/uploads\/2021\/01\/8817370761579252550-128.png 128w, https:\/\/modinst.lu.lv\/wp-content\/uploads\/2021\/01\/8817370761579252550-128-80x80.png 80w, https:\/\/modinst.lu.lv\/wp-content\/uploads\/2021\/01\/8817370761579252550-128-36x36.png 36w\" sizes=\"auto, (max-width: 16px) 100vw, 16px\" \/><\/a> <a href=\"mailto:modinst@lu.lv\">modinst@lu.lv<\/a>\n\n<img loading=\"lazy\" decoding=\"async\" class=\"size-full wp-image-1826 alignleft\" src=\"https:\/\/modinst.lu.lv\/wp-content\/uploads\/2021\/02\/14231000421530272912-128-e1612427865894.png\" alt=\"\" width=\"16\" height=\"16\" \/> +371 67 033 846\n\n<a href=\"https:\/\/www.facebook.com\/modinstlv\"><img loading=\"lazy\" decoding=\"async\" class=\"wp-image-2189 alignleft\" src=\"https:\/\/modinst.lu.lv\/wp-content\/uploads\/2021\/02\/14179583611530077750-128.png\" alt=\"\" width=\"16\" height=\"16\" srcset=\"https:\/\/modinst.lu.lv\/wp-content\/uploads\/2021\/02\/14179583611530077750-128.png 128w, https:\/\/modinst.lu.lv\/wp-content\/uploads\/2021\/02\/14179583611530077750-128-80x80.png 80w, https:\/\/modinst.lu.lv\/wp-content\/uploads\/2021\/02\/14179583611530077750-128-36x36.png 36w\" sizes=\"auto, (max-width: 16px) 100vw, 16px\" \/><\/a> <a href=\"https:\/\/www.facebook.com\/modinstlu\">@modinstlu<\/a>\n\n<a href=\"https:\/\/www.linkedin.com\/company\/lu-inm\"><img loading=\"lazy\" decoding=\"async\" class=\"wp-image-1694 alignleft\" src=\"https:\/\/modinst.lu.lv\/wp-content\/uploads\/2021\/01\/16090541531530099327-128.png\" alt=\"\" width=\"16\" height=\"16\" srcset=\"https:\/\/modinst.lu.lv\/wp-content\/uploads\/2021\/01\/16090541531530099327-128.png 128w, https:\/\/modinst.lu.lv\/wp-content\/uploads\/2021\/01\/16090541531530099327-128-80x80.png 80w, https:\/\/modinst.lu.lv\/wp-content\/uploads\/2021\/01\/16090541531530099327-128-36x36.png 36w\" sizes=\"auto, (max-width: 16px) 100vw, 16px\" \/><\/a><a href=\"https:\/\/www.linkedin.com\/company\/modinstlu\">@modinstlu<\/a>\n<h3>Address<\/h3>\nUniversity of Latvia <em>House of Science<\/em>\n3 Jelgavas Street\nRiga, LV-1004\nDirector - Room 520\nAdministration - Room 512\n[\/av_textblock]\n\n[\/av_two_fifth][av_three_fifth min_height='' vertical_alignment='' space='' custom_margin='' margin='0px' row_boxshadow='' row_boxshadow_color='' row_boxshadow_width='10' link='' linktarget='' link_hover='' title_attr='' alt_attr='' padding='0px' highlight='' highlight_size='' border='' border_color='' radius='0px' column_boxshadow='' column_boxshadow_color='' column_boxshadow_width='10' background='bg_color' background_color='' background_gradient_color1='' background_gradient_color2='' background_gradient_direction='vertical' src='' background_position='top left' background_repeat='no-repeat' animation='' mobile_breaking='' mobile_display='' av_uid='av-1il2a']\n[av_google_map zoom_control='aviaTBzoom_control' maptype_control='default' streetview_control='aviaTBstreetview_control' zoom='13' maptype_id='' height='420px' saturation='' hue='' google_link='' confirm_button='Click to load Google Maps' page_link_text='Open Google Maps in a new window' google_fallback='' attachment='' attachment_size='' id='' custom_class='' av_uid='av-k4zp6gwx']\n[av_gmap_location address='Zin\u0101t\u0146u m\u0101ja, Latvijas Universit\u0101tes Akad\u0113miskais centrs, Jelgavas iela 3, Riga' postcode='LV-1004' city='Riga' state='' country='Latvia' long='24.097176' lat='56.935735' marker='' imagesize='40' av_uid='av-ppse' tooltip_display='']\nLU \"Zin\u0101t\u0146u m\u0101jas\" ieeja\n[\/av_gmap_location]\n\n\n[\/av_google_map]\n[\/av_three_fifth]\n\n","protected":false},"excerpt":{"rendered":"","protected":false},"author":5,"featured_media":0,"parent":0,"menu_order":0,"comment_status":"closed","ping_status":"closed","template":"","meta":{"footnotes":""},"class_list":["post-510","page","type-page","status-publish","hentry"],"yoast_head":"<!-- This site is optimized with the Yoast SEO plugin v27.3 - https:\/\/yoast.com\/product\/yoast-seo-wordpress\/ -->\n<title>About Us - Institute of Numerical Modelling<\/title>\n<meta name=\"robots\" content=\"index, follow, max-snippet:-1, max-image-preview:large, max-video-preview:-1\" \/>\n<link rel=\"canonical\" href=\"https:\/\/modinst.lu.lv\/en\/about-us\/\" \/>\n<meta property=\"og:locale\" content=\"en_US\" \/>\n<meta property=\"og:type\" content=\"article\" \/>\n<meta property=\"og:title\" content=\"About Us - Institute of Numerical Modelling\" \/>\n<meta property=\"og:url\" content=\"https:\/\/modinst.lu.lv\/en\/about-us\/\" \/>\n<meta property=\"og:site_name\" content=\"Institute of Numerical Modelling\" \/>\n<meta property=\"article:publisher\" content=\"https:\/\/www.facebook.com\/modinstlv\" \/>\n<meta property=\"article:modified_time\" content=\"2024-08-27T13:08:01+00:00\" \/>\n<meta name=\"twitter:card\" content=\"summary_large_image\" \/>\n<meta name=\"twitter:label1\" content=\"Est. reading time\" \/>\n\t<meta name=\"twitter:data1\" content=\"4 minutes\" \/>\n<script type=\"application\/ld+json\" class=\"yoast-schema-graph\">{\"@context\":\"https:\\\/\\\/schema.org\",\"@graph\":[{\"@type\":\"WebPage\",\"@id\":\"https:\\\/\\\/modinst.lu.lv\\\/en\\\/about-us\\\/\",\"url\":\"https:\\\/\\\/modinst.lu.lv\\\/en\\\/about-us\\\/\",\"name\":\"About Us - Institute of Numerical Modelling\",\"isPartOf\":{\"@id\":\"https:\\\/\\\/modinst.lu.lv\\\/en\\\/#website\"},\"datePublished\":\"2020-01-07T12:36:54+00:00\",\"dateModified\":\"2024-08-27T13:08:01+00:00\",\"breadcrumb\":{\"@id\":\"https:\\\/\\\/modinst.lu.lv\\\/en\\\/about-us\\\/#breadcrumb\"},\"inLanguage\":\"en-US\",\"potentialAction\":[{\"@type\":\"ReadAction\",\"target\":[\"https:\\\/\\\/modinst.lu.lv\\\/en\\\/about-us\\\/\"]}]},{\"@type\":\"BreadcrumbList\",\"@id\":\"https:\\\/\\\/modinst.lu.lv\\\/en\\\/about-us\\\/#breadcrumb\",\"itemListElement\":[{\"@type\":\"ListItem\",\"position\":1,\"name\":\"Home\",\"item\":\"https:\\\/\\\/modinst.lu.lv\\\/en\\\/\"},{\"@type\":\"ListItem\",\"position\":2,\"name\":\"About Us\"}]},{\"@type\":\"WebSite\",\"@id\":\"https:\\\/\\\/modinst.lu.lv\\\/en\\\/#website\",\"url\":\"https:\\\/\\\/modinst.lu.lv\\\/en\\\/\",\"name\":\"Institute of Numerical Modelling\",\"description\":\"Scientific Institute of the University of Latvia\",\"publisher\":{\"@id\":\"https:\\\/\\\/modinst.lu.lv\\\/en\\\/#organization\"},\"potentialAction\":[{\"@type\":\"SearchAction\",\"target\":{\"@type\":\"EntryPoint\",\"urlTemplate\":\"https:\\\/\\\/modinst.lu.lv\\\/en\\\/?s={search_term_string}\"},\"query-input\":{\"@type\":\"PropertyValueSpecification\",\"valueRequired\":true,\"valueName\":\"search_term_string\"}}],\"inLanguage\":\"en-US\"},{\"@type\":\"Organization\",\"@id\":\"https:\\\/\\\/modinst.lu.lv\\\/en\\\/#organization\",\"name\":\"Institute of Mathematical Modeling\",\"url\":\"https:\\\/\\\/modinst.lu.lv\\\/en\\\/\",\"logo\":{\"@type\":\"ImageObject\",\"inLanguage\":\"en-US\",\"@id\":\"https:\\\/\\\/modinst.lu.lv\\\/en\\\/#\\\/schema\\\/logo\\\/image\\\/\",\"url\":\"https:\\\/\\\/modinst.lu.lv\\\/wp-content\\\/uploads\\\/2020\\\/02\\\/INM_EN_hor_RGB.jpg\",\"contentUrl\":\"https:\\\/\\\/modinst.lu.lv\\\/wp-content\\\/uploads\\\/2020\\\/02\\\/INM_EN_hor_RGB.jpg\",\"width\":1500,\"height\":540,\"caption\":\"Institute of Mathematical Modeling\"},\"image\":{\"@id\":\"https:\\\/\\\/modinst.lu.lv\\\/en\\\/#\\\/schema\\\/logo\\\/image\\\/\"},\"sameAs\":[\"https:\\\/\\\/www.facebook.com\\\/modinstlv\",\"https:\\\/\\\/www.linkedin.com\\\/company\\\/lu-inm\"]}]}<\/script>\n<!-- \/ Yoast SEO plugin. -->","yoast_head_json":{"title":"About Us - Institute of Numerical Modelling","robots":{"index":"index","follow":"follow","max-snippet":"max-snippet:-1","max-image-preview":"max-image-preview:large","max-video-preview":"max-video-preview:-1"},"canonical":"https:\/\/modinst.lu.lv\/en\/about-us\/","og_locale":"en_US","og_type":"article","og_title":"About Us - Institute of Numerical Modelling","og_url":"https:\/\/modinst.lu.lv\/en\/about-us\/","og_site_name":"Institute of Numerical Modelling","article_publisher":"https:\/\/www.facebook.com\/modinstlv","article_modified_time":"2024-08-27T13:08:01+00:00","twitter_card":"summary_large_image","twitter_misc":{"Est. reading time":"4 minutes"},"schema":{"@context":"https:\/\/schema.org","@graph":[{"@type":"WebPage","@id":"https:\/\/modinst.lu.lv\/en\/about-us\/","url":"https:\/\/modinst.lu.lv\/en\/about-us\/","name":"About Us - Institute of Numerical Modelling","isPartOf":{"@id":"https:\/\/modinst.lu.lv\/en\/#website"},"datePublished":"2020-01-07T12:36:54+00:00","dateModified":"2024-08-27T13:08:01+00:00","breadcrumb":{"@id":"https:\/\/modinst.lu.lv\/en\/about-us\/#breadcrumb"},"inLanguage":"en-US","potentialAction":[{"@type":"ReadAction","target":["https:\/\/modinst.lu.lv\/en\/about-us\/"]}]},{"@type":"BreadcrumbList","@id":"https:\/\/modinst.lu.lv\/en\/about-us\/#breadcrumb","itemListElement":[{"@type":"ListItem","position":1,"name":"Home","item":"https:\/\/modinst.lu.lv\/en\/"},{"@type":"ListItem","position":2,"name":"About Us"}]},{"@type":"WebSite","@id":"https:\/\/modinst.lu.lv\/en\/#website","url":"https:\/\/modinst.lu.lv\/en\/","name":"Institute of Numerical Modelling","description":"Scientific Institute of the University of Latvia","publisher":{"@id":"https:\/\/modinst.lu.lv\/en\/#organization"},"potentialAction":[{"@type":"SearchAction","target":{"@type":"EntryPoint","urlTemplate":"https:\/\/modinst.lu.lv\/en\/?s={search_term_string}"},"query-input":{"@type":"PropertyValueSpecification","valueRequired":true,"valueName":"search_term_string"}}],"inLanguage":"en-US"},{"@type":"Organization","@id":"https:\/\/modinst.lu.lv\/en\/#organization","name":"Institute of Mathematical Modeling","url":"https:\/\/modinst.lu.lv\/en\/","logo":{"@type":"ImageObject","inLanguage":"en-US","@id":"https:\/\/modinst.lu.lv\/en\/#\/schema\/logo\/image\/","url":"https:\/\/modinst.lu.lv\/wp-content\/uploads\/2020\/02\/INM_EN_hor_RGB.jpg","contentUrl":"https:\/\/modinst.lu.lv\/wp-content\/uploads\/2020\/02\/INM_EN_hor_RGB.jpg","width":1500,"height":540,"caption":"Institute of Mathematical Modeling"},"image":{"@id":"https:\/\/modinst.lu.lv\/en\/#\/schema\/logo\/image\/"},"sameAs":["https:\/\/www.facebook.com\/modinstlv","https:\/\/www.linkedin.com\/company\/lu-inm"]}]}},"_links":{"self":[{"href":"https:\/\/modinst.lu.lv\/en\/wp-json\/wp\/v2\/pages\/510","targetHints":{"allow":["GET"]}}],"collection":[{"href":"https:\/\/modinst.lu.lv\/en\/wp-json\/wp\/v2\/pages"}],"about":[{"href":"https:\/\/modinst.lu.lv\/en\/wp-json\/wp\/v2\/types\/page"}],"author":[{"embeddable":true,"href":"https:\/\/modinst.lu.lv\/en\/wp-json\/wp\/v2\/users\/5"}],"replies":[{"embeddable":true,"href":"https:\/\/modinst.lu.lv\/en\/wp-json\/wp\/v2\/comments?post=510"}],"version-history":[{"count":5,"href":"https:\/\/modinst.lu.lv\/en\/wp-json\/wp\/v2\/pages\/510\/revisions"}],"predecessor-version":[{"id":4266,"href":"https:\/\/modinst.lu.lv\/en\/wp-json\/wp\/v2\/pages\/510\/revisions\/4266"}],"wp:attachment":[{"href":"https:\/\/modinst.lu.lv\/en\/wp-json\/wp\/v2\/media?parent=510"}],"curies":[{"name":"wp","href":"https:\/\/api.w.org\/{rel}","templated":true}]}}