{"id":525,"date":"2019-10-02T11:34:22","date_gmt":"2019-10-02T08:34:22","guid":{"rendered":"http:\/\/modinst.lu.lv\/kontakti\/"},"modified":"2024-08-27T15:53:09","modified_gmt":"2024-08-27T12:53:09","slug":"contacts","status":"publish","type":"page","link":"https:\/\/modinst.lu.lv\/en\/contacts\/","title":{"rendered":"Contacts"},"content":{"rendered":"\n<style type=\"text\/css\" data-created_by=\"avia_inline_auto\" id=\"style-css-av-av_heading-2bfa20fea284cec897a5f980eecaa80b\">\n#top .av-special-heading.av-av_heading-2bfa20fea284cec897a5f980eecaa80b{\npadding-bottom:10px;\n}\nbody .av-special-heading.av-av_heading-2bfa20fea284cec897a5f980eecaa80b .av-special-heading-tag .heading-char{\nfont-size:25px;\n}\n.av-special-heading.av-av_heading-2bfa20fea284cec897a5f980eecaa80b .av-subheading{\nfont-size:15px;\n}\n<\/style>\n<div  class='av-special-heading av-av_heading-2bfa20fea284cec897a5f980eecaa80b av-special-heading-h1  avia-builder-el-0  el_before_av_two_fifth  avia-builder-el-first  av-linked-heading'><h1 class='av-special-heading-tag '  itemprop=\"headline\"  >Contacts<\/h1><div class=\"special-heading-border\"><div class=\"special-heading-inner-border\"><\/div><\/div><\/div>\n\n<style type=\"text\/css\" data-created_by=\"avia_inline_auto\" id=\"style-css-av-21wa2-bf0c193e4256f92f308500a314100f04\">\n.flex_column.av-21wa2-bf0c193e4256f92f308500a314100f04{\nborder-radius:0px 0px 0px 0px;\npadding:0px 0px 0px 0px;\n}\n<\/style>\n<div  class='flex_column av-21wa2-bf0c193e4256f92f308500a314100f04 av_two_fifth  avia-builder-el-1  el_after_av_heading  el_before_av_three_fifth  first flex_column_div av-zero-column-padding  '     ><section  class='av_textblock_section av-k4zpcuxl-b1bd5187adc65b3adc4e66f05bbfde59 '   itemscope=\"itemscope\" itemtype=\"https:\/\/schema.org\/CreativeWork\" ><div class='avia_textblock'  itemprop=\"text\" ><h3>Full Title<\/h3>\n<p>Institute of Numerical Modelling<br \/>\nFaculty of Science and Technology<br \/>\nUniversity of Latvia<\/p>\n<h3>Contact Us<\/h3>\n<p><a href=\"mailto:modinst@lu.lv\"><img loading=\"lazy\" decoding=\"async\" class=\"wp-image-1690 alignleft\" src=\"https:\/\/modinst.lu.lv\/wp-content\/uploads\/2021\/01\/8817370761579252550-128.png\" alt=\"\" width=\"16\" height=\"16\" srcset=\"https:\/\/modinst.lu.lv\/wp-content\/uploads\/2021\/01\/8817370761579252550-128.png 128w, https:\/\/modinst.lu.lv\/wp-content\/uploads\/2021\/01\/8817370761579252550-128-80x80.png 80w, https:\/\/modinst.lu.lv\/wp-content\/uploads\/2021\/01\/8817370761579252550-128-36x36.png 36w\" sizes=\"auto, (max-width: 16px) 100vw, 16px\" \/><\/a> <a href=\"mailto:modinst@lu.lv\">modinst@lu.lv<\/a><\/p>\n<p><img loading=\"lazy\" decoding=\"async\" class=\"size-full wp-image-1826 alignleft\" src=\"https:\/\/modinst.lu.lv\/wp-content\/uploads\/2021\/02\/14231000421530272912-128-e1612427865894.png\" alt=\"\" width=\"16\" height=\"16\" \/> +371 67 033 846<\/p>\n<p><a href=\"https:\/\/www.facebook.com\/modinstlv\"><img loading=\"lazy\" decoding=\"async\" class=\"wp-image-2189 alignleft\" src=\"https:\/\/modinst.lu.lv\/wp-content\/uploads\/2021\/02\/14179583611530077750-128.png\" alt=\"\" width=\"16\" height=\"16\" srcset=\"https:\/\/modinst.lu.lv\/wp-content\/uploads\/2021\/02\/14179583611530077750-128.png 128w, https:\/\/modinst.lu.lv\/wp-content\/uploads\/2021\/02\/14179583611530077750-128-80x80.png 80w, https:\/\/modinst.lu.lv\/wp-content\/uploads\/2021\/02\/14179583611530077750-128-36x36.png 36w\" sizes=\"auto, (max-width: 16px) 100vw, 16px\" \/><\/a> <a href=\"https:\/\/www.facebook.com\/modinstlu\">@modinstlu<\/a><\/p>\n<p><a href=\"https:\/\/www.linkedin.com\/company\/lu-inm\"><img loading=\"lazy\" decoding=\"async\" class=\"wp-image-1694 alignleft\" src=\"https:\/\/modinst.lu.lv\/wp-content\/uploads\/2021\/01\/16090541531530099327-128.png\" alt=\"\" width=\"16\" height=\"16\" srcset=\"https:\/\/modinst.lu.lv\/wp-content\/uploads\/2021\/01\/16090541531530099327-128.png 128w, https:\/\/modinst.lu.lv\/wp-content\/uploads\/2021\/01\/16090541531530099327-128-80x80.png 80w, https:\/\/modinst.lu.lv\/wp-content\/uploads\/2021\/01\/16090541531530099327-128-36x36.png 36w\" sizes=\"auto, (max-width: 16px) 100vw, 16px\" \/><\/a><a href=\"https:\/\/www.linkedin.com\/company\/modinstlu\">@modinstlu<\/a><\/p>\n<h3>Address<\/h3>\n<p>University of Latvia <em>House of Science<\/em><br \/>\n3 Jelgavas Street<br \/>\nRiga, LV-1004<br \/>\nDirector &#8211; Room 520<br \/>\nAdministration &#8211; Room 512<\/p>\n<\/div><\/section><\/div>\n<style type=\"text\/css\" data-created_by=\"avia_inline_auto\" id=\"style-css-av-1il2a-95337eb7bd64e35d4f74f94989b0812f\">\n.flex_column.av-1il2a-95337eb7bd64e35d4f74f94989b0812f{\nborder-radius:0px 0px 0px 0px;\npadding:0px 0px 0px 0px;\n}\n<\/style>\n<div  class='flex_column av-1il2a-95337eb7bd64e35d4f74f94989b0812f av_three_fifth  avia-builder-el-3  el_after_av_two_fifth  avia-builder-el-last  flex_column_div av-zero-column-padding  '     ><div  class='av_gmaps_sc_main_wrap av_gmaps_main_wrap '><div id='av_gmap_0' class='avia-google-map-container avia-google-map-sc av_gmaps_show_unconditionally av-no-fallback-img ' data-mapid='av_gmap_0'  style='height: 420px;'><a class=\"av_gmaps_browser_disabled av_text_confirm_link av_text_confirm_link_visible\" href=\"https:\/\/www.google.com\/maps\/search\/?api=1&#038;query=Zin\u0101t\u0146u%20m\u0101ja,%20Latvijas%20Universit\u0101tes%20Akad\u0113miskais%20centrs,%20Jelgavas%20iela%203,%20Riga%20LV-1004%20Riga%20%20Latvia\" target=\"_blank\">Maps were disabled by the visitor on this site. Click to open the map in a new window.<\/a><\/div><\/div><\/div><\/p>\n","protected":false},"excerpt":{"rendered":"","protected":false},"author":5,"featured_media":0,"parent":0,"menu_order":0,"comment_status":"closed","ping_status":"closed","template":"","meta":{"footnotes":""},"class_list":["post-525","page","type-page","status-publish","hentry"],"yoast_head":"<!-- This site is optimized with the Yoast SEO plugin v27.4 - https:\/\/yoast.com\/product\/yoast-seo-wordpress\/ -->\n<title>Contacts - Institute of Numerical Modelling<\/title>\n<meta name=\"robots\" content=\"index, follow, max-snippet:-1, max-image-preview:large, max-video-preview:-1\" \/>\n<link rel=\"canonical\" href=\"https:\/\/modinst.lu.lv\/en\/contacts\/\" \/>\n<meta property=\"og:locale\" content=\"en_US\" \/>\n<meta property=\"og:type\" content=\"article\" \/>\n<meta property=\"og:title\" content=\"Contacts - Institute of Numerical Modelling\" \/>\n<meta property=\"og:url\" content=\"https:\/\/modinst.lu.lv\/en\/contacts\/\" \/>\n<meta property=\"og:site_name\" content=\"Institute of Numerical Modelling\" \/>\n<meta property=\"article:publisher\" content=\"https:\/\/www.facebook.com\/modinstlv\" \/>\n<meta property=\"article:modified_time\" content=\"2024-08-27T12:53:09+00:00\" \/>\n<meta property=\"og:image\" content=\"https:\/\/modinst.lu.lv\/wp-content\/uploads\/2021\/01\/8817370761579252550-128.png\" \/>\n<meta name=\"twitter:card\" content=\"summary_large_image\" \/>\n<meta name=\"twitter:label1\" content=\"Est. reading time\" \/>\n\t<meta name=\"twitter:data1\" content=\"2 minutes\" \/>\n<script type=\"application\/ld+json\" class=\"yoast-schema-graph\">{\"@context\":\"https:\\\/\\\/schema.org\",\"@graph\":[{\"@type\":\"WebPage\",\"@id\":\"https:\\\/\\\/modinst.lu.lv\\\/en\\\/contacts\\\/\",\"url\":\"https:\\\/\\\/modinst.lu.lv\\\/en\\\/contacts\\\/\",\"name\":\"Contacts - Institute of Numerical Modelling\",\"isPartOf\":{\"@id\":\"https:\\\/\\\/modinst.lu.lv\\\/en\\\/#website\"},\"primaryImageOfPage\":{\"@id\":\"https:\\\/\\\/modinst.lu.lv\\\/en\\\/contacts\\\/#primaryimage\"},\"image\":{\"@id\":\"https:\\\/\\\/modinst.lu.lv\\\/en\\\/contacts\\\/#primaryimage\"},\"thumbnailUrl\":\"https:\\\/\\\/modinst.lu.lv\\\/wp-content\\\/uploads\\\/2021\\\/01\\\/8817370761579252550-128.png\",\"datePublished\":\"2019-10-02T08:34:22+00:00\",\"dateModified\":\"2024-08-27T12:53:09+00:00\",\"breadcrumb\":{\"@id\":\"https:\\\/\\\/modinst.lu.lv\\\/en\\\/contacts\\\/#breadcrumb\"},\"inLanguage\":\"en-US\",\"potentialAction\":[{\"@type\":\"ReadAction\",\"target\":[\"https:\\\/\\\/modinst.lu.lv\\\/en\\\/contacts\\\/\"]}]},{\"@type\":\"ImageObject\",\"inLanguage\":\"en-US\",\"@id\":\"https:\\\/\\\/modinst.lu.lv\\\/en\\\/contacts\\\/#primaryimage\",\"url\":\"https:\\\/\\\/modinst.lu.lv\\\/wp-content\\\/uploads\\\/2021\\\/01\\\/8817370761579252550-128.png\",\"contentUrl\":\"https:\\\/\\\/modinst.lu.lv\\\/wp-content\\\/uploads\\\/2021\\\/01\\\/8817370761579252550-128.png\"},{\"@type\":\"BreadcrumbList\",\"@id\":\"https:\\\/\\\/modinst.lu.lv\\\/en\\\/contacts\\\/#breadcrumb\",\"itemListElement\":[{\"@type\":\"ListItem\",\"position\":1,\"name\":\"Home\",\"item\":\"https:\\\/\\\/modinst.lu.lv\\\/en\\\/\"},{\"@type\":\"ListItem\",\"position\":2,\"name\":\"Contacts\"}]},{\"@type\":\"WebSite\",\"@id\":\"https:\\\/\\\/modinst.lu.lv\\\/en\\\/#website\",\"url\":\"https:\\\/\\\/modinst.lu.lv\\\/en\\\/\",\"name\":\"Institute of Numerical Modelling\",\"description\":\"Scientific Institute of the University of Latvia\",\"publisher\":{\"@id\":\"https:\\\/\\\/modinst.lu.lv\\\/en\\\/#organization\"},\"potentialAction\":[{\"@type\":\"SearchAction\",\"target\":{\"@type\":\"EntryPoint\",\"urlTemplate\":\"https:\\\/\\\/modinst.lu.lv\\\/en\\\/?s={search_term_string}\"},\"query-input\":{\"@type\":\"PropertyValueSpecification\",\"valueRequired\":true,\"valueName\":\"search_term_string\"}}],\"inLanguage\":\"en-US\"},{\"@type\":\"Organization\",\"@id\":\"https:\\\/\\\/modinst.lu.lv\\\/en\\\/#organization\",\"name\":\"Institute of Mathematical Modeling\",\"url\":\"https:\\\/\\\/modinst.lu.lv\\\/en\\\/\",\"logo\":{\"@type\":\"ImageObject\",\"inLanguage\":\"en-US\",\"@id\":\"https:\\\/\\\/modinst.lu.lv\\\/en\\\/#\\\/schema\\\/logo\\\/image\\\/\",\"url\":\"https:\\\/\\\/modinst.lu.lv\\\/wp-content\\\/uploads\\\/2020\\\/02\\\/INM_EN_hor_RGB.jpg\",\"contentUrl\":\"https:\\\/\\\/modinst.lu.lv\\\/wp-content\\\/uploads\\\/2020\\\/02\\\/INM_EN_hor_RGB.jpg\",\"width\":1500,\"height\":540,\"caption\":\"Institute of Mathematical Modeling\"},\"image\":{\"@id\":\"https:\\\/\\\/modinst.lu.lv\\\/en\\\/#\\\/schema\\\/logo\\\/image\\\/\"},\"sameAs\":[\"https:\\\/\\\/www.facebook.com\\\/modinstlv\",\"https:\\\/\\\/www.linkedin.com\\\/company\\\/lu-inm\"]}]}<\/script>\n<!-- \/ Yoast SEO plugin. -->","yoast_head_json":{"title":"Contacts - Institute of Numerical Modelling","robots":{"index":"index","follow":"follow","max-snippet":"max-snippet:-1","max-image-preview":"max-image-preview:large","max-video-preview":"max-video-preview:-1"},"canonical":"https:\/\/modinst.lu.lv\/en\/contacts\/","og_locale":"en_US","og_type":"article","og_title":"Contacts - Institute of Numerical Modelling","og_url":"https:\/\/modinst.lu.lv\/en\/contacts\/","og_site_name":"Institute of Numerical Modelling","article_publisher":"https:\/\/www.facebook.com\/modinstlv","article_modified_time":"2024-08-27T12:53:09+00:00","og_image":[{"url":"https:\/\/modinst.lu.lv\/wp-content\/uploads\/2021\/01\/8817370761579252550-128.png","type":"","width":"","height":""}],"twitter_card":"summary_large_image","twitter_misc":{"Est. reading time":"2 minutes"},"schema":{"@context":"https:\/\/schema.org","@graph":[{"@type":"WebPage","@id":"https:\/\/modinst.lu.lv\/en\/contacts\/","url":"https:\/\/modinst.lu.lv\/en\/contacts\/","name":"Contacts - Institute of Numerical Modelling","isPartOf":{"@id":"https:\/\/modinst.lu.lv\/en\/#website"},"primaryImageOfPage":{"@id":"https:\/\/modinst.lu.lv\/en\/contacts\/#primaryimage"},"image":{"@id":"https:\/\/modinst.lu.lv\/en\/contacts\/#primaryimage"},"thumbnailUrl":"https:\/\/modinst.lu.lv\/wp-content\/uploads\/2021\/01\/8817370761579252550-128.png","datePublished":"2019-10-02T08:34:22+00:00","dateModified":"2024-08-27T12:53:09+00:00","breadcrumb":{"@id":"https:\/\/modinst.lu.lv\/en\/contacts\/#breadcrumb"},"inLanguage":"en-US","potentialAction":[{"@type":"ReadAction","target":["https:\/\/modinst.lu.lv\/en\/contacts\/"]}]},{"@type":"ImageObject","inLanguage":"en-US","@id":"https:\/\/modinst.lu.lv\/en\/contacts\/#primaryimage","url":"https:\/\/modinst.lu.lv\/wp-content\/uploads\/2021\/01\/8817370761579252550-128.png","contentUrl":"https:\/\/modinst.lu.lv\/wp-content\/uploads\/2021\/01\/8817370761579252550-128.png"},{"@type":"BreadcrumbList","@id":"https:\/\/modinst.lu.lv\/en\/contacts\/#breadcrumb","itemListElement":[{"@type":"ListItem","position":1,"name":"Home","item":"https:\/\/modinst.lu.lv\/en\/"},{"@type":"ListItem","position":2,"name":"Contacts"}]},{"@type":"WebSite","@id":"https:\/\/modinst.lu.lv\/en\/#website","url":"https:\/\/modinst.lu.lv\/en\/","name":"Institute of Numerical Modelling","description":"Scientific Institute of the University of Latvia","publisher":{"@id":"https:\/\/modinst.lu.lv\/en\/#organization"},"potentialAction":[{"@type":"SearchAction","target":{"@type":"EntryPoint","urlTemplate":"https:\/\/modinst.lu.lv\/en\/?s={search_term_string}"},"query-input":{"@type":"PropertyValueSpecification","valueRequired":true,"valueName":"search_term_string"}}],"inLanguage":"en-US"},{"@type":"Organization","@id":"https:\/\/modinst.lu.lv\/en\/#organization","name":"Institute of Mathematical Modeling","url":"https:\/\/modinst.lu.lv\/en\/","logo":{"@type":"ImageObject","inLanguage":"en-US","@id":"https:\/\/modinst.lu.lv\/en\/#\/schema\/logo\/image\/","url":"https:\/\/modinst.lu.lv\/wp-content\/uploads\/2020\/02\/INM_EN_hor_RGB.jpg","contentUrl":"https:\/\/modinst.lu.lv\/wp-content\/uploads\/2020\/02\/INM_EN_hor_RGB.jpg","width":1500,"height":540,"caption":"Institute of Mathematical Modeling"},"image":{"@id":"https:\/\/modinst.lu.lv\/en\/#\/schema\/logo\/image\/"},"sameAs":["https:\/\/www.facebook.com\/modinstlv","https:\/\/www.linkedin.com\/company\/lu-inm"]}]}},"_links":{"self":[{"href":"https:\/\/modinst.lu.lv\/en\/wp-json\/wp\/v2\/pages\/525","targetHints":{"allow":["GET"]}}],"collection":[{"href":"https:\/\/modinst.lu.lv\/en\/wp-json\/wp\/v2\/pages"}],"about":[{"href":"https:\/\/modinst.lu.lv\/en\/wp-json\/wp\/v2\/types\/page"}],"author":[{"embeddable":true,"href":"https:\/\/modinst.lu.lv\/en\/wp-json\/wp\/v2\/users\/5"}],"replies":[{"embeddable":true,"href":"https:\/\/modinst.lu.lv\/en\/wp-json\/wp\/v2\/comments?post=525"}],"version-history":[{"count":5,"href":"https:\/\/modinst.lu.lv\/en\/wp-json\/wp\/v2\/pages\/525\/revisions"}],"predecessor-version":[{"id":4258,"href":"https:\/\/modinst.lu.lv\/en\/wp-json\/wp\/v2\/pages\/525\/revisions\/4258"}],"wp:attachment":[{"href":"https:\/\/modinst.lu.lv\/en\/wp-json\/wp\/v2\/media?parent=525"}],"curies":[{"name":"wp","href":"https:\/\/api.w.org\/{rel}","templated":true}]}}